{"id":410,"date":"2021-11-10T17:31:37","date_gmt":"2021-11-10T17:31:37","guid":{"rendered":"https:\/\/www.grupopacha.com\/privacy\/"},"modified":"2024-08-29T14:11:54","modified_gmt":"2024-08-29T14:11:54","slug":"privacy","status":"publish","type":"page","link":"https:\/\/www.grupopacha.com\/es\/privacy\/","title":{"rendered":"Privacy"},"content":{"rendered":"\t\t<div data-elementor-type=\"wp-page\" data-elementor-id=\"410\" class=\"elementor elementor-410\">\n\t\t\t\t\t\t<section class=\"elementor-section elementor-top-section elementor-element elementor-element-953e40b elementor-section-boxed elementor-section-height-default elementor-section-height-default\" data-id=\"953e40b\" data-element_type=\"section\" data-e-type=\"section\">\n\t\t\t\t\t\t<div class=\"elementor-container elementor-column-gap-default\">\n\t\t\t\t\t<div class=\"elementor-column elementor-col-100 elementor-top-column elementor-element elementor-element-16d76a7f\" data-id=\"16d76a7f\" data-element_type=\"column\" data-e-type=\"column\">\n\t\t\t<div class=\"elementor-widget-wrap elementor-element-populated\">\n\t\t\t\t\t\t<div class=\"elementor-element elementor-element-2acc2569 elementor-widget elementor-widget-text-editor\" data-id=\"2acc2569\" data-element_type=\"widget\" data-e-type=\"widget\" data-widget_type=\"text-editor.default\">\n\t\t\t\t<div class=\"elementor-widget-container\">\n\t\t\t\t\t\t\t\t\t<p><b>Privacidad<\/b><\/p>\n<p><b>&nbsp;<\/b><\/p>\n<p><b>&nbsp;<\/b><\/p>\n<table border=\"1\" width=\"100%\" cellspacing=\"1\" cellpadding=\"10\">\n<tbody>\n<tr>\n<td colspan=\"2\" width=\"100%\">\n<p align=\"justify\"><b>&nbsp;<\/b><\/p>\n<p style=\"text-align: center;\" align=\"justify\"><b>Informaci\u00f3n b\u00e1sica de Protecci\u00f3n de Datos<\/b><\/p>\n<p align=\"justify\"><b>&nbsp;<\/b><\/p>\n<\/td>\n<\/tr>\n<tr>\n<td width=\"19%\">\n<p align=\"justify\"><b>&nbsp;<\/b><\/p>\n<p align=\"justify\"><b>&nbsp;Corresponsables<\/b><\/p>\n<p align=\"justify\"><b>&nbsp;<\/b><\/p>\n<\/td>\n<td width=\"81%\">\n<p align=\"justify\">Universo Pacha, S.A.<\/p>\n<p align=\"justify\">Universo Pacha, S.A.<\/p>\n<\/td>\n<\/tr>\n<tr>\n<td width=\"19%\" height=\"1\">\n<p align=\"justify\"><b>&nbsp;<\/b><\/p>\n<p align=\"justify\"><b>&nbsp;Finalidad<\/b><\/p>\n<\/td>\n<td width=\"81%\">\n<p align=\"justify\">Prestar el servicio de acceso, uso y disfrute del Sitio Web; gestionar la prestaci\u00f3n de los servicios de Pacha; y, previo consentimiento, enviarle comunicaciones comerciales personalizadas en funci\u00f3n de su perfil de intereses.<\/p>\n<\/td>\n<\/tr>\n<tr>\n<td width=\"19%\">\n<p align=\"justify\"><b>&nbsp;<\/b><\/p>\n<p align=\"justify\"><b>&nbsp;Bases legales<\/b><\/p>\n<\/td>\n<td width=\"81%\">\n<p align=\"justify\">Ejecuci\u00f3n del contrato<br>Cumplimiento de las obligaciones legales<br>Inter\u00e9s leg\u00edtimo<\/p>\n<p align=\"justify\">Consentimiento<\/p>\n<\/td>\n<\/tr>\n<tr>\n<td width=\"19%\" height=\"1\">\n<p align=\"justify\"><b>&nbsp;<\/b><\/p>\n<p align=\"justify\"><b>&nbsp;Destinatarios<\/b><\/p>\n<p align=\"justify\"><b>&nbsp;<\/b><\/p>\n<\/td>\n<td width=\"81%\">\n<p align=\"justify\">A las entidades del Grupo Pacha que figuran en la informaci\u00f3n adicional.<br>A los encargados del tratamiento que figuran en la informaci\u00f3n adicional.<\/p>\n<\/td>\n<\/tr>\n<tr>\n<td width=\"19%\">\n<p align=\"justify\"><b>&nbsp;<\/b><\/p>\n<p align=\"justify\"><strong>Derechos<\/strong><\/p>\n<p align=\"justify\"><b>&nbsp;<\/b><\/p>\n<\/td>\n<td width=\"81%\">\n<p align=\"justify\">Acceder, rectificar y suprimir los datos, as\u00ed como otros derechos, como se explica en la informaci\u00f3n adicional.<\/p>\n<\/td>\n<\/tr>\n<tr>\n<td width=\"19%\">\n<p align=\"justify\"><b>&nbsp;<\/b><\/p>\n<p align=\"justify\"><b>Informaci\u00f3n adicional<\/b><\/p>\n<p align=\"justify\"><b>&nbsp;<\/b><\/p>\n<\/td>\n<td width=\"81%\">\n<p align=\"justify\">Puede encontrar informaci\u00f3n adicional y detallada sobre la protecci\u00f3n de datos en nuestro <a href=\"https:\/\/grupopacha.com\/es\/termsandconditions\/\" target=\"_blank\" rel=\"noopener\">Aviso de Privacidad<\/a><\/p>\n<\/td>\n<\/tr>\n<\/tbody>\n<\/table>\n<p align=\"center\"><b>&nbsp;<\/b><\/p>\n<p align=\"center\"><strong>Pol\u00edtica de Privacidad<\/strong><\/p>\n<p align=\"center\"><b>&nbsp;<\/b><\/p>\n<p align=\"justify\"><b>I. \u2013 \u00bfQui\u00e9n trata sus datos personales?<\/b><\/p>\n<p align=\"justify\"><b>&nbsp;<\/b><\/p>\n<p align=\"justify\"><br><\/p>\n<p align=\"justify\"><br><\/p>\n<p paraeid=\"{3850110a-55a7-45d1-b4cf-ebc2364fda2f}{64}\" paraid=\"1272063938\">Pacha ha designado un delegado de protecci\u00f3n de datos (DPO). Si desea contactar directamente con nuestro DPO, puede utilizar los siguientes datos de contacto:<\/p>\n<p paraeid=\"{3850110a-55a7-45d1-b4cf-ebc2364fda2f}{64}\" paraid=\"1272063938\"><span style=\"color: var( --e-global-color-text ); font-family: var( --e-global-typography-text-font-family ), Sans-serif; font-weight: var( --e-global-typography-text-font-weight );\">Direcci\u00f3n: Avda. 8 de agosto, 27, 07800 Ibiza.<\/span><\/p>\n<p paraeid=\"{3850110a-55a7-45d1-b4cf-ebc2364fda2f}{64}\" paraid=\"1272063938\">LOPD:&nbsp;lopd@pacha.com<\/p>\n<p align=\"justify\">\n<\/p><p align=\"justify\"><b>II. \u2013 \u00bfQu\u00e9 tipo de datos personales tratamos?<\/b><\/p>\n<p align=\"justify\"><b>&nbsp;<\/b><\/p>\n<p align=\"justify\">En funci\u00f3n de los servicios espec\u00edficos prestados por Pacha que usted decida utilizar, de sus elecciones y, en su caso, de la configuraci\u00f3n de su dispositivo (en relaci\u00f3n, en particular, con las cookies y otros rastreadores), los datos personales sobre usted recogidos y tratados por Pacha pueden incluir: su nombre y apellidos, direcci\u00f3n de correo electr\u00f3nico, n\u00famero de tel\u00e9fono, direcci\u00f3n postal y n\u00famero de tel\u00e9fono, fotograf\u00edas suyas (previo consentimiento expl\u00edcito), los datos de su cuenta bancaria o de su tarjeta de cr\u00e9dito, los detalles de sus reservas anteriores y sus preferencias de mesa, alojamiento o servicio, as\u00ed como, previo consentimiento, los intereses de su estilo de vida, sus aficiones, su profesi\u00f3n\/sector o su cumplea\u00f1os.<\/p>\n<p align=\"justify\">Durante la navegaci\u00f3n por nuestro sitio web o la contrataci\u00f3n de nuestros servicios, es posible que le pidamos que se identifique cre\u00e1ndose una cuenta de usuario o que le solicitemos m\u00e1s informaci\u00f3n al respecto. En tal caso, se marcar\u00e1n como tales los datos personales que sean necesarios para la prestaci\u00f3n del servicio concreto. Sin estos datos, es posible que no podamos prestar nuestros servicios adecuadamente.<\/p>\n<p align=\"justify\">Por favor, tenga en cuenta que cuando hace una reserva a trav\u00e9s de servicios prestados por terceros, podemos obtener de ellos los datos detallados previamente (p. ej. sitios web de reservas, agencias de viajes, conserjes, etc.). El tratamiento de sus datos personales se explicar\u00e1 detalladamente en sus correspondientes avisos de privacidad.<\/p>\n<p align=\"justify\">\n<\/p><p align=\"justify\"><b>III. \u2013 \u00bfCon qu\u00e9 finalidad tratamos sus datos personales?<\/b><\/p>\n<p align=\"justify\"><b>&nbsp;<\/b><\/p>\n<p align=\"justify\">Sus datos personales ser\u00e1n recabados y tratados por Pacha seg\u00fan las bases legales mencionadas a continuaci\u00f3n y para las siguientes finalidades:<\/p>\n<p align=\"justify\">\u2022 Basado en el cumplimiento de los contratos pertinentes celebrados entre usted y Pacha; en particular:<\/p>\n<p align=\"justify\">\u25e6 para garantizar su acceso, uso y disfrute de las funcionalidades del Sitio Web.<\/p>\n<p align=\"justify\">La descarga, la instalaci\u00f3n, la navegaci\u00f3n y cualquier otro uso de nuestro Sitio Web est\u00e1n sujetos a los t\u00e9rminos y condiciones aplicables.<\/p>\n<p align=\"justify\">\u25e6 para responder y gestionar las solicitudes de reserva de nuestro servicios, incluida la gesti\u00f3n de pago.<\/p>\n<p align=\"justify\">Por favor, tenga en cuenta que la reserva, la contrataci\u00f3n y el disfrute de nuestros servicios est\u00e1 sujeto a los t\u00e9rminos y condiciones aplicables.<\/p>\n<p align=\"justify\">\u25e6 para gestionar la prestaci\u00f3n del servicio contratado por usted, as\u00ed como cualquier otro servicio reservado por usted o en su nombre, incluida la gesti\u00f3n de pago.<\/p>\n<p align=\"justify\">Por favor, tenga en cuenta que la reserva, la contrataci\u00f3n y el disfrute de nuestros servicios est\u00e1 sujeto a los t\u00e9rminos y condiciones aplicables.<\/p>\n<p align=\"justify\">\u2022 Basado en nuestro cumplimiento de obligaciones legales, incluyendo, entre otras:<\/p>\n<p align=\"justify\">\u25e6 en caso de que se hospede en uno de nuestros hoteles u otros servicios de alojamiento, para registrar informaci\u00f3n sobre su identidad y su estancia en nuestras instalaciones, en nuestro registro de viajeros, tal y como exige la normativa aplicable.<\/p>\n<p align=\"justify\">\u25e6 para cumplir las regulaciones de prevenci\u00f3n de blanqueo de capitales y financiaci\u00f3n de actividades ilegales.<\/p>\n<p align=\"justify\">\u25e6 para cumplir con la regulaci\u00f3n fiscal aplicable.<\/p>\n<p align=\"justify\">\u2022 Basado en nuestros intereses leg\u00edtimos (puede solicitar m\u00e1s informaci\u00f3n sobre la ponderaci\u00f3n de nuestros intereses leg\u00edtimos), en particular:<\/p>\n<p align=\"justify\">\u25e6 para responder preguntas puede enviar a trav\u00e9s de los formularios en l\u00ednea o para satisfacer cualquier otra solicitud de su parte, siguiendo nuestro inter\u00e9s leg\u00edtimo en proporcionar una atenci\u00f3n al cliente de alta calidad.<\/p>\n<p align=\"justify\">\u25e6 para garantizar la seguridad de sus transacciones online, para prevenir fraude y los impagos, siguiendo nuestro inter\u00e9s leg\u00edtimo en luchar contra y prevenir el fraude y los impagos.<\/p>\n<p align=\"justify\">\u25e6 para compartir su informaci\u00f3n personal con otras entidades dentro del Grupo Pacha [Incluir un enlace a la lista de todas las entidades del Grupo Pacha] para atender su solicitud y prestar sus servicios, siguiendo nuestro inter\u00e9s leg\u00edtimo en llevar a cabo una administraci\u00f3n uniforme y completa de la actividad empresarial del Grupo Pacha.<\/p>\n<p align=\"justify\">\u2022 Basada en su consentimiento previo y expl\u00edcito, en particular:<\/p>\n<p align=\"justify\">\u25e6 para crear un perfil basado en su historial de reservas y compras, y en las preferencias que haya podido revelar a Pacha al disfrutar de nuestros servicios en el pasado, con el fin de ajustar nuestros servicios a sus preferencias y\/u ofrecerle una publicidad m\u00e1s personalizada.<\/p>\n<p align=\"justify\">\u25e6 para enviarle comunicaciones comerciales basadas en su perfil a trav\u00e9s de correo electr\u00f3nico, tel\u00e9fono, SMS, notificaciones push y correo tradicional; con informaci\u00f3n sobre ofertas, noticias y eventos de Pacha y las entidades relevantes del <a href=\"https:\/\/grupopacha.com\/entidades\/\" target=\"_blank\" rel=\"noopener\">Grupo Pacha<\/a>&nbsp;<\/p>\n<p align=\"justify\">\u25e6 para revelar sus datos personales a socios de redes social como Facebook, Google o Amazon para crear su perfil basado en sus preferencias, incluyendo la combinaci\u00f3n de recursos externos, con el objetivo de personalizar la experiencia de los usuarios y\/u ofrecerle publicidad personalizada.<\/p>\n<p align=\"justify\">El uso y\/o combinaci\u00f3n de las bases de datos y herramientas externas de nuestros Socios de Redes Sociales para llevar a cabo actividades de marketing segmentadas y personalizadas nos permite tener un conocimiento m\u00e1s detallado de sus preferencias para ofrecerle una publicidad individualizada, personalizada y precisa de acuerdo con sus intereses espec\u00edficos y sus h\u00e1bitos.<\/p>\n<p align=\"justify\">Estos socios de redes sociales generalmente operan como responsables independientes de datos, y son responsables de su propio cumplimiento con la normativa de protecci\u00f3n de datos aplicable. Debe consultar sus respectivos avisos de privacidad para obtener m\u00e1s informaci\u00f3n sobre c\u00f3mo tratan los datos personales.<\/p>\n<p align=\"justify\">\n<\/p><p align=\"justify\"><b>V. \u2013 \u00bfCompartimos sus datos personales?<\/b><\/p>\n<p align=\"justify\"><b>&nbsp;<\/b><\/p>\n<p align=\"justify\">En general, sus datos personales no ser\u00e1n comunicados a o puestos a disposici\u00f3n de terceros. Sin embargo, para cumplir con los fines descritos anteriormente, Pacha puede necesitar revelar, en funci\u00f3n de la necesidad, sus datos personales a entidades del Grupo Pacha que se enumeran <a href=\"https:\/\/grupopacha.com\/entidades\/\" target=\"_blank\" rel=\"noopener\">aqu\u00ed&nbsp;<\/a><\/p>\n<p align=\"justify\">Pacha tambi\u00e9n puede tener que comunicar sus datos personales a terceros que nos apoyan en la prestaci\u00f3n de los servicios que ofrecemos, como proveedores de servicios financieros, proveedores de servicios tecnol\u00f3gicos y de seguridad, proveedores de servicios relacionados con el marketing y la publicidad. Estos tratar\u00e1n sus datos personales como encargados del tratamiento bajo t\u00e9rminos contractuales espec\u00edficos y sujetos a la normativa de protecci\u00f3n de datos aplicable.<\/p>\n<p align=\"justify\">\n<\/p><p align=\"justify\"><b>VI. \u2013 \u00bfTransferimos sus datos personales al extranjero?<\/b><\/p>\n<p align=\"justify\"><b>&nbsp;<\/b><\/p>\n<p align=\"justify\">Los destinatarios de sus datos pueden encontrarse en el extranjero, incluso fuera del Espacio Econ\u00f3mico Europeo. Cualquier transferencia de sus datos personales fuera del Espacio Econ\u00f3mico Europeo s\u00f3lo tendr\u00e1 lugar bajo la ejecuci\u00f3n de las Cl\u00e1usulas Contractuales Tipo de la Comisi\u00f3n Europea, de acuerdo con las leyes y reglamentos de protecci\u00f3n de datos aplicables.<br>Para obtener m\u00e1s informaci\u00f3n sobre c\u00f3mo se revelar\u00e1n sus datos personales a destinatarios en el extranjero, p\u00f3ngase en contacto con nosotros escribiendo a lopd@pacha.com. Tambi\u00e9n tiene derecho a ponerse en contacto con nosotros para obtener m\u00e1s informaci\u00f3n sobre las garant\u00edas aplicadas por Pacha para asegurar una protecci\u00f3n adecuada de sus datos personales cuando se transfieren seg\u00fan lo descrito anteriormente.<\/p>\n<p align=\"justify\">\n<\/p><p align=\"justify\"><b>VII. \u2013 \u00bfCu\u00e1les son sus derechos cuando nos proporciona sus datos?<\/b><\/p>\n<p align=\"justify\"><b>&nbsp;<\/b><\/p>\n<p align=\"justify\">De conformidad con lo dispuesto en las leyes y reglamentos aplicables en materia de protecci\u00f3n de datos, usted podr\u00e1 ejercer sus derechos de acceso, rectificaci\u00f3n, supresi\u00f3n, oposici\u00f3n, limitaci\u00f3n del tratamiento y portabilidad de los datos, as\u00ed como su derecho a retirar su consentimiento para el tratamiento de sus datos personales.<br>Nosotros, como corresponsables del tratamiento, hemos acordado que usted pueda ejercer sus derechos simplemente poni\u00e9ndose en contacto con nosotros a trav\u00e9s de lopd@pacha.com o enviando una carta por correo postal a C\/ Canarias 37, Ed. Cetis, Torre 4, Pta. 4\u00ba, CP: 07800, Ibiza, Islas Baleares, Espa\u00f1a. Tenga en cuenta que en caso de que no tengamos suficiente informaci\u00f3n para identificarle y proceder con su solicitud, es posible que tengamos que pedirle m\u00e1s informaci\u00f3n.<br>Tambi\u00e9n tiene derecho a presentar una reclamaci\u00f3n ante la Agencia Espa\u00f1ola de Protecci\u00f3n de Datos o cualquier otra autoridad de protecci\u00f3n de datos pertinente en caso de que lo considere necesario.<\/p>\n<p align=\"justify\">\n<\/p><p align=\"justify\"><b>VII. \u2013 \u00bfDurante cu\u00e1nto tiempo trataremos sus datos?<\/b><\/p>\n<p align=\"justify\"><b>&nbsp;<\/b><\/p>\n<p align=\"justify\">Almacenaremos sus datos durante el tiempo necesario para prestarle los servicios solicitados. Cuando Pacha ya no necesite utilizar sus datos personales para cumplir con sus obligaciones contractuales o estatutarias, \u00e9stos ser\u00e1n bloqueados o archivados en nuestros sistemas \u00fanicamente durante el periodo necesario para el establecimiento, ejercicio y defensa de reclamaciones legales hasta la expiraci\u00f3n de los plazos de prescripci\u00f3n aplicables.<\/p>\n<p align=\"justify\">Si necesitamos conservar sus datos personales para el cumplimiento de obligaciones fiscales, de auditor\u00eda o legales durante un per\u00edodo de tiempo legalmente prescrito a partir de entonces, o si los necesitamos para preservar pruebas dentro de los plazos de prescripci\u00f3n, conservaremos los datos para tales fines.<\/p>\n<p align=\"justify\">Una vez transcurrido este periodo, los datos ser\u00e1n borrados o anonimizados.<\/p>\n<p align=\"justify\">\n<\/p><p align=\"justify\"><b>VIII. \u2013 Consideraciones acerca de los datos personales facilitados por terceros.<\/b><\/p>\n<p align=\"justify\"><b>&nbsp;<\/b><\/p>\n<p align=\"justify\">Si en el transcurso de su interacci\u00f3n con nosotros nos revela datos de terceros (por ejemplo, para organizar una reserva para un amigo u otro tercero), usted confirma que les ha informado de la finalidad y el modo en que trataremos sus datos personales. Tambi\u00e9n reconoce y declara que los datos personales que proporciona a Pacha son exactos y est\u00e1n actualizados al momento de su suministro, y se compromete a notificar a Pacha de cualquier cambio en estos datos personales.<\/p>\n<p align=\"justify\">\n<\/p><p align=\"justify\"><b>X. \u2013 Cambios a este Aviso de Privacidad.<\/b><\/p>\n<p align=\"justify\"><b>&nbsp;<\/b><\/p>\n<p align=\"justify\">Este Aviso de Privacidad puede ser actualizado en el futuro. En tal caso, publicaremos la versi\u00f3n actualizada del texto en el Sitio Web. No obstante, se le notificar\u00e1 cualquier cambio sustancial en este Aviso de Privacidad. Le recomendamos que revise peri\u00f3dicamente este Aviso de Privacidad para mantenerse informado sobre nuestras pr\u00e1cticas de privacidad.<\/p>\t\t\t\t\t\t\t\t<\/div>\n\t\t\t\t<\/div>\n\t\t\t\t\t<\/div>\n\t\t<\/div>\n\t\t\t\t\t<\/div>\n\t\t<\/section>\n\t\t\t\t<\/div>\n\t\t","protected":false},"excerpt":{"rendered":"<p>Privacidad &nbsp; &nbsp; &nbsp; Informaci\u00f3n b\u00e1sica de Protecci\u00f3n de Datos &nbsp; &nbsp; &nbsp;Corresponsables &nbsp; Universo Pacha, S.A. Universo Pacha, S.A. &nbsp; &nbsp;Finalidad Prestar el servicio de acceso, uso y disfrute del Sitio Web; gestionar la prestaci\u00f3n de los servicios de Pacha; y, previo consentimiento, enviarle comunicaciones comerciales personalizadas en funci\u00f3n de su perfil de intereses. [&hellip;]<\/p>\n","protected":false},"author":4,"featured_media":0,"parent":0,"menu_order":0,"comment_status":"closed","ping_status":"closed","template":"elementor_header_footer","meta":{"footnotes":""},"class_list":["post-410","page","type-page","status-publish","hentry"],"yoast_head":"<!-- This site is optimized with the Yoast SEO plugin v27.1.1 - https:\/\/yoast.com\/product\/yoast-seo-wordpress\/ -->\n<title>Privacy - Pacha Group<\/title>\n<meta name=\"robots\" content=\"index, follow, max-snippet:-1, max-image-preview:large, max-video-preview:-1\" \/>\n<link rel=\"canonical\" href=\"https:\/\/www.grupopacha.com\/es\/privacy\/\" \/>\n<meta property=\"og:locale\" content=\"es_ES\" \/>\n<meta property=\"og:type\" content=\"article\" \/>\n<meta property=\"og:title\" content=\"Privacy - Pacha Group\" \/>\n<meta property=\"og:description\" content=\"Privacidad &nbsp; &nbsp; &nbsp; Informaci\u00f3n b\u00e1sica de Protecci\u00f3n de Datos &nbsp; &nbsp; &nbsp;Corresponsables &nbsp; Universo Pacha, S.A. Universo Pacha, S.A. &nbsp; &nbsp;Finalidad Prestar el servicio de acceso, uso y disfrute del Sitio Web; gestionar la prestaci\u00f3n de los servicios de Pacha; y, previo consentimiento, enviarle comunicaciones comerciales personalizadas en funci\u00f3n de su perfil de intereses. [&hellip;]\" \/>\n<meta property=\"og:url\" content=\"https:\/\/www.grupopacha.com\/es\/privacy\/\" \/>\n<meta property=\"og:site_name\" content=\"Pacha Group\" \/>\n<meta property=\"article:modified_time\" content=\"2024-08-29T14:11:54+00:00\" \/>\n<meta name=\"twitter:card\" content=\"summary_large_image\" \/>\n<meta name=\"twitter:label1\" content=\"Est. reading time\" \/>\n\t<meta name=\"twitter:data1\" content=\"8 minutes\" \/>\n<script type=\"application\/ld+json\" class=\"yoast-schema-graph\">{\"@context\":\"https:\/\/schema.org\",\"@graph\":[{\"@type\":\"WebPage\",\"@id\":\"https:\/\/www.grupopacha.com\/es\/privacy\/\",\"url\":\"https:\/\/www.grupopacha.com\/es\/privacy\/\",\"name\":\"Privacy - Pacha Group\",\"isPartOf\":{\"@id\":\"https:\/\/www.grupopacha.com\/#website\"},\"datePublished\":\"2021-11-10T17:31:37+00:00\",\"dateModified\":\"2024-08-29T14:11:54+00:00\",\"breadcrumb\":{\"@id\":\"https:\/\/www.grupopacha.com\/es\/privacy\/#breadcrumb\"},\"inLanguage\":\"es-ES\",\"potentialAction\":[{\"@type\":\"ReadAction\",\"target\":[\"https:\/\/www.grupopacha.com\/es\/privacy\/\"]}]},{\"@type\":\"BreadcrumbList\",\"@id\":\"https:\/\/www.grupopacha.com\/es\/privacy\/#breadcrumb\",\"itemListElement\":[{\"@type\":\"ListItem\",\"position\":1,\"name\":\"Home\",\"item\":\"https:\/\/www.grupopacha.com\/es\/\"},{\"@type\":\"ListItem\",\"position\":2,\"name\":\"Privacy\"}]},{\"@type\":\"WebSite\",\"@id\":\"https:\/\/www.grupopacha.com\/#website\",\"url\":\"https:\/\/www.grupopacha.com\/\",\"name\":\"Pacha Group\",\"description\":\"\",\"potentialAction\":[{\"@type\":\"SearchAction\",\"target\":{\"@type\":\"EntryPoint\",\"urlTemplate\":\"https:\/\/www.grupopacha.com\/?s={search_term_string}\"},\"query-input\":{\"@type\":\"PropertyValueSpecification\",\"valueRequired\":true,\"valueName\":\"search_term_string\"}}],\"inLanguage\":\"es-ES\"}]}<\/script>\n<!-- \/ Yoast SEO plugin. -->","yoast_head_json":{"title":"Privacy - Pacha Group","robots":{"index":"index","follow":"follow","max-snippet":"max-snippet:-1","max-image-preview":"max-image-preview:large","max-video-preview":"max-video-preview:-1"},"canonical":"https:\/\/www.grupopacha.com\/es\/privacy\/","og_locale":"es_ES","og_type":"article","og_title":"Privacy - Pacha Group","og_description":"Privacidad &nbsp; &nbsp; &nbsp; Informaci\u00f3n b\u00e1sica de Protecci\u00f3n de Datos &nbsp; &nbsp; &nbsp;Corresponsables &nbsp; Universo Pacha, S.A. Universo Pacha, S.A. &nbsp; &nbsp;Finalidad Prestar el servicio de acceso, uso y disfrute del Sitio Web; gestionar la prestaci\u00f3n de los servicios de Pacha; y, previo consentimiento, enviarle comunicaciones comerciales personalizadas en funci\u00f3n de su perfil de intereses. [&hellip;]","og_url":"https:\/\/www.grupopacha.com\/es\/privacy\/","og_site_name":"Pacha Group","article_modified_time":"2024-08-29T14:11:54+00:00","twitter_card":"summary_large_image","twitter_misc":{"Est. reading time":"8 minutes"},"schema":{"@context":"https:\/\/schema.org","@graph":[{"@type":"WebPage","@id":"https:\/\/www.grupopacha.com\/es\/privacy\/","url":"https:\/\/www.grupopacha.com\/es\/privacy\/","name":"Privacy - Pacha Group","isPartOf":{"@id":"https:\/\/www.grupopacha.com\/#website"},"datePublished":"2021-11-10T17:31:37+00:00","dateModified":"2024-08-29T14:11:54+00:00","breadcrumb":{"@id":"https:\/\/www.grupopacha.com\/es\/privacy\/#breadcrumb"},"inLanguage":"es-ES","potentialAction":[{"@type":"ReadAction","target":["https:\/\/www.grupopacha.com\/es\/privacy\/"]}]},{"@type":"BreadcrumbList","@id":"https:\/\/www.grupopacha.com\/es\/privacy\/#breadcrumb","itemListElement":[{"@type":"ListItem","position":1,"name":"Home","item":"https:\/\/www.grupopacha.com\/es\/"},{"@type":"ListItem","position":2,"name":"Privacy"}]},{"@type":"WebSite","@id":"https:\/\/www.grupopacha.com\/#website","url":"https:\/\/www.grupopacha.com\/","name":"Pacha Group","description":"","potentialAction":[{"@type":"SearchAction","target":{"@type":"EntryPoint","urlTemplate":"https:\/\/www.grupopacha.com\/?s={search_term_string}"},"query-input":{"@type":"PropertyValueSpecification","valueRequired":true,"valueName":"search_term_string"}}],"inLanguage":"es-ES"}]}},"_links":{"self":[{"href":"https:\/\/www.grupopacha.com\/es\/wp-json\/wp\/v2\/pages\/410","targetHints":{"allow":["GET"]}}],"collection":[{"href":"https:\/\/www.grupopacha.com\/es\/wp-json\/wp\/v2\/pages"}],"about":[{"href":"https:\/\/www.grupopacha.com\/es\/wp-json\/wp\/v2\/types\/page"}],"author":[{"embeddable":true,"href":"https:\/\/www.grupopacha.com\/es\/wp-json\/wp\/v2\/users\/4"}],"replies":[{"embeddable":true,"href":"https:\/\/www.grupopacha.com\/es\/wp-json\/wp\/v2\/comments?post=410"}],"version-history":[{"count":15,"href":"https:\/\/www.grupopacha.com\/es\/wp-json\/wp\/v2\/pages\/410\/revisions"}],"predecessor-version":[{"id":594,"href":"https:\/\/www.grupopacha.com\/es\/wp-json\/wp\/v2\/pages\/410\/revisions\/594"}],"wp:attachment":[{"href":"https:\/\/www.grupopacha.com\/es\/wp-json\/wp\/v2\/media?parent=410"}],"curies":[{"name":"wp","href":"https:\/\/api.w.org\/{rel}","templated":true}]}}